{"id":32,"date":"2014-03-24T04:00:56","date_gmt":"2014-03-24T04:00:56","guid":{"rendered":"http:\/\/cherishhotel.com\/?page_id=32"},"modified":"2017-07-04T07:28:09","modified_gmt":"2017-07-04T07:28:09","slug":"home","status":"publish","type":"page","link":"https:\/\/cherishhotel.com\/vi\/","title":{"rendered":"Home"},"content":{"rendered":"<div class=\"clearboth\"><\/div><div class=\"demo-sep sep-none\" style=\"margin-top:-80px;\"><\/div>\n<div id=\"\" class=\"fullwidth-box\" style=\"background-color:#EDEDEE;background-image:url();background-repeat:no-repeat;background-position:left top;background-attachment:scroll;border-top:0px solid ;border-bottom:0px solid ;padding-top:0px;padding-bottom:20px;-webkit-background-size: cover;-moz-background-size: cover;-o-background-size: cover;background-size: cover;\"><div class=\"avada-row\">\n<a class=\"button-1 button large default\" title=\"\" href=\"https:\/\/cherishhotel.com\/booking\/\" target=\"_self\">BOOK NOW<\/a>\n<h1 style=\"text-align: center;\">N\u00e2ng niu t\u1eebng c\u1ea3m x\u00fac<\/h1>\n<div style=\"padding: 0 140px; text-align: center;\">\n<p style=\"text-align: center;\">T\u1ecda l\u1ea1c gi\u1eefa trung t\u00e2m th\u00e0nh ph\u1ed1 Hu\u1ebf, c\u00e1ch s\u00f4ng H\u01b0\u01a1ng v\u00e0i ph\u00fat \u0111i b\u1ed9, Kh\u00e1ch s\u1ea1n Cherish l\u00e0 \u0111i\u1ec3m n\u1ed1i gi\u1eefa c\u00e1c di s\u1ea3n v\u0103n h\u00f3a \u0111\u00e3 \u0111\u01b0\u1ee3c UNESCO c\u00f4ng nh\u1eadn, c\u00e1c kh\u00f4ng gian du l\u1ecbch v\u00e0 tr\u1ea3i nghi\u1ec7m s\u1ed1ng, c\u00f9ng nh\u1eefng d\u1ecbch v\u1ee5 vui ch\u01a1i, gi\u1ea3i tr\u00ed \u0111\u00f4 th\u1ecb.<\/p>\n<\/div>\n<\/div><\/div>\n<div id=\"\" class=\"fullwidth-box\" style=\"background-color:#ffffff;background-image:url();background-repeat:no-repeat;background-position:top left;background-attachment:fixed;border-top:0px solid #e5e4e4;border-bottom:0px solid #e5e4e4;padding-top:60px;padding-bottom:0px;-webkit-background-size: cover;-moz-background-size: cover;-o-background-size: cover;background-size: cover;\"><div class=\"avada-row\">\n<div class=\"one_third\"><div class=\"flexslider clearfix\" style=\"max-width:100%;height:100%;\"><ul class=\"slides\"><li class=\"image\"><img decoding=\"async\" src=\"https:\/\/cherishhotel.com\/wp-content\/uploads\/sites\/5\/2012\/07\/Balcony-Family-Connecting.jpg\" alt=\"\" \/><\/li><\/ul><\/div>\n<div class=\"clearboth\"><\/div><div class=\"demo-sep sep-none\" style=\"margin-top:20px;\"><\/div>\n<div class=\"title\"><h2><a href=\"https:\/\/cherishhotel.com\/accommodation\/\">Ph\u00f2ng Ng\u1ee7<\/a>\u00a0<\/h2><div class=\"title-sep-container\"><div class=\"title-sep\"><\/div><\/div><\/div>\nKh\u00e1ch s\u1ea1n Cherish, \u00a011 t\u1ea7ng v\u1edbi 98 ph\u00f2ng, \u0111\u01b0\u1ee3c thi\u1ebft k\u1ebf trang nh\u00e3, hi\u1ec7n \u0111\u1ea1i, trang thi\u1ebft b\u1ecb ti\u1ec7n nghi, l\u00e0 s\u1ef1\u00a0 k\u1ebft h\u1ee3p h\u00e0i h\u00f2a c\u1ee7a \u0111\u00e1, g\u1ea1ch v\u00e0 g\u1ed7 h\u01b0\u01a1ng, th\u1ec3 hi\u1ec7n t\u00ednh h\u1ee3p l\u00fd v\u00e0 tinh t\u1ebf trong t\u1eebng chi ti\u1ebft, t\u1ea1o ra m\u1ed9t kh\u00f4ng gian th\u01b0 gi\u00e3n, ri\u00eang t\u01b0 v\u00e0 tho\u1ea3i m\u00e1i.<\/p>\n<\/div>\n<div class=\"one_third\"><div class=\"flexslider clearfix\" style=\"max-width:100%;height:100%;\"><ul class=\"slides\"><li class=\"image\"><img decoding=\"async\" src=\"https:\/\/cherishhotel.com\/wp-content\/uploads\/sites\/5\/2014\/03\/am-thuc-trang-chu-1.jpg\" alt=\"\" \/><\/li><\/ul><\/div>\n<div class=\"clearboth\"><\/div><div class=\"demo-sep sep-none\" style=\"margin-top:20px;\"><\/div>\n<div class=\"title\"><h2><a href=\"https:\/\/cherishhotel.com\/?page_id=36\">\u1ea8m Th\u1ef1c<\/a><\/h2><div class=\"title-sep-container\"><div class=\"title-sep\"><\/div><\/div><\/div>\n<p>\u0110\u1ebfn v\u1edbi Hu\u1ebf , kh\u00f4ng ch\u1ec9 l\u00e0 \u0111\u1ebfn v\u1edbi nh\u1eefng di s\u1ea3n th\u1ebf gi\u1edbi v\u00e0 nh\u1eefng danh lam th\u1eafng c\u1ea3nh l\u00e0m m\u00ea ho\u1eb7c l\u00f2ng ng\u01b0\u1eddi m\u00e0 c\u00f2n l\u01b0u truy\u1ec1n c\u1ea3 m\u1ed9t n\u1ec1n v\u0103n h\u00f3a \u1ea9m th\u1ef1c v\u00f4 c\u00f9ng phong ph\u00fa \u0111\u00e3 l\u00e0m cho b\u1ea5t c\u1ee9 ai m\u1ed7i l\u1ea7n \u0111\u1ebfn v\u1edbi Th\u00e0nh Hu\u1ebf C\u00f4 \u0111\u00f4 \u0111\u1ec1u ph\u1ea3i ng\u00e3 l\u00f2ng. H\u01a1n th\u1ebf n\u1eefa, nh\u1eefng \u0111\u1ea7u b\u1ebfp kinh nghi\u1ec7m c\u1ee7a kh\u00e1ch s\u1ea1n Cherish Hu\u1ebf \u0111\u00e3 bi\u1ebft ch\u1ecdn l\u1ecdc ch\u1ebf bi\u1ebfn \u0111\u01b0a v\u00e0o th\u1ef1c \u0111\u01a1n nh\u1eefng m\u00f3n \u0103n D\u00e2n d\u00e3, m\u00f3n \u0103n Cung \u0110\u00ecnh Hu\u1ebf c\u0169ng nh\u01b0 nhi\u1ec1u m\u00f3n \u0103n \u00c2u \u00c1 kh\u00e1c l\u00e0m cho Du kh\u00e1ch th\u00f5a s\u1ee9c kh\u00e1m ph\u00e1 v\u00e0 t\u1eadn h\u01b0\u1edfng.<\/p>\n<\/div>\n<div class=\"one_third last\"><div class=\"flexslider clearfix\" style=\"max-width:100%;height:100%;\"><ul class=\"slides\"><li class=\"image\"><img decoding=\"async\" src=\"https:\/\/cherishhotel.com\/wp-content\/uploads\/sites\/5\/2014\/03\/dichvu-tiennghi-trang-chu.jpg\" alt=\"\" \/><\/li><\/ul><\/div>\n<div class=\"clearboth\"><\/div><div class=\"demo-sep sep-none\" style=\"margin-top:20px;\"><\/div>\n<div class=\"title\"><h2><a href=\"https:\/\/cherishhotel.com\/?page_id=38\">D\u1ecbch V\u1ee5 &amp; Ti\u1ec7n Nghi<\/a><\/h2><div class=\"title-sep-container\"><div class=\"title-sep\"><\/div><\/div><\/div>\nL\u1ea5y c\u1ea3m h\u1ee9ng ph\u00f9 h\u1ee3p cho n\u0103m gi\u00e1c quan c\u1ee7a Qu\u00fd kh\u00e1ch, c\u00e1c li\u1ec7u ph\u00e1p ch\u0103m s\u00f3c \u0111\u1eb7c bi\u1ec7t nh\u01b0 massage to\u00e0n th\u00e2n, massage m\u1eb7t, massage ch\u00e2n c\u1ee7a ch\u00fang t\u00f4i k\u1ebft h\u1ee3p c\u00e1c k\u1ef9 thu\u1eadt \u0111i\u00eau luy\u1ec7n c\u1ee7a nh\u00e2n vi\u00ean \u0111\u01b0\u1ee3c \u0111\u00e0o t\u1ea1o chuy\u00ean nghi\u1ec7p, ch\u1eafc ch\u1eafn s\u1ebd mang l\u1ea1i cho Qu\u00fd kh\u00e1ch c\u1ea3m gi\u00e1c tho\u1ea3i m\u00e1i v\u00e0 th\u01b0 gi\u00e3n.<\/div><div class=\"clearboth\"><\/div>\n<\/div><\/div>\n<div id=\"\" class=\"fullwidth-box\" style=\"background-color:;background-image:url();background-repeat:no-repeat;background-position:top left;background-attachment:fixed;border-top:0px solid #e5e4e4;border-bottom:0px solid #e5e4e4;padding-top:-10px;padding-bottom:0px;-webkit-background-size: cover;-moz-background-size: cover;-o-background-size: cover;background-size: cover;\"><div class=\"avada-row\">\n<div class=\"one_half\">\n<div class=\"flexslider clearfix\" style=\"max-width:100%;height:100%;\"><ul class=\"slides\"><li class=\"image\"><img decoding=\"async\" src=\"https:\/\/cherishhotel.com\/wp-content\/uploads\/sites\/5\/2014\/03\/thamquan-trangchu.jpg\" alt=\"\" \/><\/li><li class=\"image\"><img decoding=\"async\" src=\"https:\/\/cherishhotel.com\/wp-content\/uploads\/sites\/5\/2014\/03\/khampha-trangchu.jpg\" alt=\"\" \/><\/li><\/ul><\/div>\n<\/div>\n<div class=\"one_half last\">\n<div class=\"accordian\">\n<h5 class=\"toggle \"><a href=\"#\"><span class=\"arrow\"><\/span>V\u0103n H\u00f3a Hu\u1ebf (B\u1eb1ng xe h\u01a1i\/xe \u0111\u1ea1p)<\/a><\/h5><div class=\"toggle-content \" style=\"display: none;\">Hu\u1ebf l\u00e0 m\u1ed9t trong nh\u1eefng n\u01a1i hi\u1ebfm hoi m\u00e0 c\u00f3 th\u1ec3 \u0111\u01b0a b\u1ea1n tr\u1edf l\u1ea1i m\u1ed9t th\u1eddi k\u00ec x\u01b0a v\u00e0 kh\u00e1m ph\u00e1 m\u1ed9t s\u1ed1 di t\u00edch th\u1ef1c s\u1ef1 tuy\u1ec7t v\u1eddi. Nhi\u1ec1u di t\u00edch trong s\u1ed1 \u0111\u00f3 \u0111\u00e3 \u0111\u01b0\u1ee3c UNESCO c\u00f4ng nh\u1eadn l\u00e0 di s\u1ea3n v\u0103n h\u00f3a th\u1ebf gi\u1edbi.<\/p>\n<ul>\n<li>Kh\u00e1m ph\u00e1 c\u1ea7u ng\u00f3i Thanh To\u00e0n v\u00e0 b\u1ea3o t\u00e0ng<\/li>\n<li>Vi\u1ebfng th\u0103m \u0110\u1ea1i N\u1ed9i<\/li>\n<li>Du l\u1ecbch v\u00f2ng quanh th\u00e0nh ph\u1ed1 Hu\u1ebf \u00a0b\u1eb1ng x\u00edch l\u00f4<\/li>\n<li>Th\u01b0\u1edfng th\u1ee9c b\u00e1nh Hu\u1ebf \u1edf nh\u00e0 h\u00e0ng \u0111\u1ecba ph\u01b0\u01a1ng<\/li>\n<\/ul>\n<p><span style=\"line-height: 1.5em;\"><\/div><\/span><\/p>\n<h5 class=\"toggle \"><a href=\"#\"><span class=\"arrow\"><\/span>Tham quan H\u1ed9i An<\/a><\/h5><div class=\"toggle-content \" style=\"display: none;\">\n<p>Cu\u1ed9c h\u00e0nh tr\u00ecnh s\u1ebd v\u01b0\u1ee3t qua H\u1ea3i V\u00e2n s\u1ebd \u0111\u1ebfn \u0110\u00e0 N\u1eb5ng n\u01a1i m\u00e0\u00a0 b\u1ea1n s\u1ebd t\u1eadn h\u01b0\u1edfng\u00a0 m\u1ed9t trong nh\u1eefng b\u1ed9 s\u01b0u t\u1eadp t\u1ed1t nh\u1ea5t c\u1ee7a Ch\u0103mpa, ti\u1ebfp t\u1ee5c kh\u00e1m ph\u00e1 Ng\u0169 H\u00e0nh S\u01a1n tuy\u1ec7t \u0111\u1eb9p v\u1edbi nh\u1eefng hang \u0111\u1ed9ng b\u00ed \u1ea9n, M\u1ed9t di s\u1ea3n th\u1ebf gi\u1edbi H\u1ed9i An lu\u00f4n lu\u00f4n thu h\u00fat kh\u00e1ch du l\u1ecbch b\u1edfi v\u1ebb \u0111\u1eb9p ti\u1ec1m \u1ea9n.<\/p>\n<p><span style=\"line-height: 1.5em;\">* Kh\u00e1m ph\u00e1 \u0111\u00e8o H\u1ea3i V\u00e2n<\/span><\/p>\n<p>* Tham quan b\u1ea3o t\u00e0ng ch\u0103mpa<\/p>\n<p>* Tham quan l\u00e0ng \u0111\u00e1 m\u1ef9 ngh\u1ec7 Non N\u01b0\u1edbc<\/p>\n<p>* Tham quan n\u00fai Ng\u0169 H\u00e0nh S\u01a1n<\/p>\n<p>* Tham quan ph\u1ed1 c\u1ed5 H\u1ed9i An<\/p>\n<p>*\u00a0 Th\u1eddi gian: kho\u1ea3ng 8 gi\u1edd \u0111\u1ed3ng h\u1ed3 t\u1eeb bu\u1ed5i s\u00e1ng \u0111\u1ebfn bu\u1ed5i chi\u1ec1u<\/p>\n<\/div>\n<h5 class=\"toggle \"><a href=\"#\"><span class=\"arrow\"><\/span>V\u0103n H\u00f3a Hu\u1ebf<\/a><\/h5><div class=\"toggle-content \" style=\"display: none;\">\n<p>Hu\u1ebf l\u00e0 m\u1ed9t trong nh\u1eefng n\u01a1i hi\u1ebfm hoi m\u00e0 c\u00f3 th\u1ec3 \u0111\u01b0a b\u1ea1n tr\u1edf l\u1ea1i m\u1ed9t th\u1eddi k\u00ec x\u01b0a v\u00e0 kh\u00e1m ph\u00e1 m\u1ed9t s\u1ed1 di t\u00edch th\u1ef1c s\u1ef1 tuy\u1ec7t v\u1eddi. Nhi\u1ec1u di t\u00edch trong s\u1ed1 \u0111\u00f3 \u0111\u00e3 \u0111\u01b0\u1ee3c UNESCO c\u00f4ng nh\u1eadn l\u00e0 di s\u1ea3n v\u0103n h\u00f3a th\u1ebf gi\u1edbi.<\/p>\n<ul>\n<li>Kh\u00e1m ph\u00e1 c\u1ea7u ng\u00f3i Thanh To\u00e0n v\u00e0 b\u1ea3o t\u00e0ng<\/li>\n<li>Vi\u1ebfng th\u0103m \u0110\u1ea1i N\u1ed9i<\/li>\n<li>Du l\u1ecbch v\u00f2ng quanh th\u00e0nh ph\u1ed1 Hu\u1ebf \u00a0b\u1eb1ng x\u00edch l\u00f4<\/li>\n<li>Th\u01b0\u1edfng th\u1ee9c b\u00e1nh Hu\u1ebf \u1edf nh\u00e0 h\u00e0ng \u0111\u1ecba ph\u01b0\u01a1ng<\/li>\n<\/ul>\n<\/div>\n<\/div>\n<\/div><div class=\"clearboth\"><\/div>\n<\/div><\/div>\n<p><span style=\"line-height: 1.5em;\"><div id=\"\" class=\"fullwidth-box\" style=\"background-color:#ffffff;background-image:url();background-repeat:no-repeat;background-position:top left;background-attachment:fixed;border-top:0px solid #e5e4e4;border-bottom:0px solid #e5e4e4;padding-top:-10px;padding-bottom:0px;-webkit-background-size: cover;-moz-background-size: cover;-o-background-size: cover;background-size: cover;\"><div class=\"avada-row\"><\/span><\/p>\n<div class=\"recent-works-carousel related-posts related-projects animated\" animation_type=\"bounceInDown\" animation_duration=\"0.1\"><div id=\"carousel\" class=\"es-carousel-wrapper\"><div class=\"es-carousel\"><ul class=\"\"><li><div class=\"image\" aria-haspopup=\"true\"><a href=\"https:\/\/cherishhotel.com\/vi\/portfolio-items\/photo-13\/\"><img loading=\"lazy\" decoding=\"async\" width=\"180\" height=\"138\" src=\"https:\/\/cherishhotel.com\/wp-content\/uploads\/sites\/5\/2012\/07\/nha-hang-amo-2-180x138.jpg\" class=\"attachment-related-img size-related-img wp-post-image\" alt=\"\" \/><\/a><div class=\"image-extras\"><div class=\"image-extras-content\"><a style=\"display:inline-block;\" class=\"icon link-icon\" style=\"margin-right:3px;\" href=\"https:\/\/cherishhotel.com\/vi\/portfolio-items\/photo-13\/\">Permalink<\/a><a style=\"display:inline-block;\" class=\"icon gallery-icon\" href=\"https:\/\/cherishhotel.com\/wp-content\/uploads\/sites\/5\/2012\/07\/nha-hang-amo-2.jpg\" rel=\"prettyPhoto[gallery_recent_1]\">Gallery<\/a><h3 class=\"entry-title\">Photo 13<\/h3><\/div>\n\t\t\t\t\t\t\t\t<\/div>\n\t\t\t\t\t\t<\/div>\n\t\t\t\t\t<\/li><li><div class=\"image\" aria-haspopup=\"true\"><a href=\"https:\/\/cherishhotel.com\/vi\/portfolio-items\/photo-12\/\"><img loading=\"lazy\" decoding=\"async\" width=\"180\" height=\"138\" src=\"https:\/\/cherishhotel.com\/wp-content\/uploads\/sites\/5\/2014\/07\/hinhanh-12-180x138.jpg\" class=\"attachment-related-img size-related-img wp-post-image\" alt=\"\" \/><\/a><div class=\"image-extras\"><div class=\"image-extras-content\"><a style=\"display:inline-block;\" class=\"icon link-icon\" style=\"margin-right:3px;\" href=\"https:\/\/cherishhotel.com\/vi\/portfolio-items\/photo-12\/\">Permalink<\/a><a style=\"display:inline-block;\" class=\"icon gallery-icon\" href=\"https:\/\/cherishhotel.com\/wp-content\/uploads\/sites\/5\/2014\/07\/hinhanh-12.jpg\" rel=\"prettyPhoto[gallery_recent_1]\">Gallery<\/a><h3 class=\"entry-title\">Photo 12<\/h3><\/div>\n\t\t\t\t\t\t\t\t<\/div>\n\t\t\t\t\t\t<\/div>\n\t\t\t\t\t<\/li><li><div class=\"image\" aria-haspopup=\"true\"><a href=\"https:\/\/cherishhotel.com\/vi\/portfolio-items\/photo1\/\"><img loading=\"lazy\" decoding=\"async\" width=\"180\" height=\"138\" src=\"https:\/\/cherishhotel.com\/wp-content\/uploads\/sites\/5\/2014\/03\/hinhanh-9-180x138.jpg\" class=\"attachment-related-img size-related-img wp-post-image\" alt=\"\" \/><\/a><div class=\"image-extras\"><div class=\"image-extras-content\"><a style=\"display:inline-block;\" class=\"icon link-icon\" style=\"margin-right:3px;\" href=\"https:\/\/cherishhotel.com\/vi\/portfolio-items\/photo1\/\">Permalink<\/a><a style=\"display:inline-block;\" class=\"icon gallery-icon\" href=\"https:\/\/cherishhotel.com\/wp-content\/uploads\/sites\/5\/2014\/03\/hinhanh-9.jpg\" rel=\"prettyPhoto[gallery_recent_1]\">Gallery<\/a><h3 class=\"entry-title\">Photo1<\/h3><\/div>\n\t\t\t\t\t\t\t\t<\/div>\n\t\t\t\t\t\t<\/div>\n\t\t\t\t\t<\/li><li><div class=\"image\" aria-haspopup=\"true\"><a href=\"https:\/\/cherishhotel.com\/vi\/portfolio-items\/reception\/\"><img loading=\"lazy\" decoding=\"async\" width=\"180\" height=\"138\" src=\"https:\/\/cherishhotel.com\/wp-content\/uploads\/sites\/5\/2014\/07\/hinhanh-10-180x138.jpg\" class=\"attachment-related-img size-related-img wp-post-image\" alt=\"\" \/><\/a><div class=\"image-extras\"><div class=\"image-extras-content\"><a style=\"display:inline-block;\" class=\"icon link-icon\" style=\"margin-right:3px;\" href=\"https:\/\/cherishhotel.com\/vi\/portfolio-items\/reception\/\">Permalink<\/a><a style=\"display:inline-block;\" class=\"icon gallery-icon\" href=\"https:\/\/cherishhotel.com\/wp-content\/uploads\/sites\/5\/2014\/07\/hinhanh-10.jpg\" rel=\"prettyPhoto[gallery_recent_1]\">Gallery<\/a><h3 class=\"entry-title\">Reception<\/h3><\/div>\n\t\t\t\t\t\t\t\t<\/div>\n\t\t\t\t\t\t<\/div>\n\t\t\t\t\t<\/li><li><div class=\"image\" aria-haspopup=\"true\"><a href=\"https:\/\/cherishhotel.com\/vi\/portfolio-items\/photo10\/\"><img loading=\"lazy\" decoding=\"async\" width=\"180\" height=\"138\" src=\"https:\/\/cherishhotel.com\/wp-content\/uploads\/sites\/5\/2014\/03\/hinhanh-1-180x138.jpg\" class=\"attachment-related-img size-related-img wp-post-image\" alt=\"\" \/><\/a><div class=\"image-extras\"><div class=\"image-extras-content\"><a style=\"display:inline-block;\" class=\"icon link-icon\" style=\"margin-right:3px;\" href=\"https:\/\/cherishhotel.com\/vi\/portfolio-items\/photo10\/\">Permalink<\/a><a style=\"display:inline-block;\" class=\"icon gallery-icon\" href=\"https:\/\/cherishhotel.com\/wp-content\/uploads\/sites\/5\/2014\/03\/hinhanh-1.jpg\" rel=\"prettyPhoto[gallery_recent_1]\">Gallery<\/a><h3 class=\"entry-title\">Photo10<\/h3><\/div>\n\t\t\t\t\t\t\t\t<\/div>\n\t\t\t\t\t\t<\/div>\n\t\t\t\t\t<\/li><li><div class=\"image\" aria-haspopup=\"true\"><a href=\"https:\/\/cherishhotel.com\/vi\/portfolio-items\/photo9\/\"><img loading=\"lazy\" decoding=\"async\" width=\"180\" height=\"138\" src=\"https:\/\/cherishhotel.com\/wp-content\/uploads\/sites\/5\/2014\/03\/hinhanh-2-180x138.jpg\" class=\"attachment-related-img size-related-img wp-post-image\" alt=\"\" \/><\/a><div class=\"image-extras\"><div class=\"image-extras-content\"><a style=\"display:inline-block;\" class=\"icon link-icon\" style=\"margin-right:3px;\" href=\"https:\/\/cherishhotel.com\/vi\/portfolio-items\/photo9\/\">Permalink<\/a><a style=\"display:inline-block;\" class=\"icon gallery-icon\" href=\"https:\/\/cherishhotel.com\/wp-content\/uploads\/sites\/5\/2014\/03\/hinhanh-2.jpg\" rel=\"prettyPhoto[gallery_recent_1]\">Gallery<\/a><h3 class=\"entry-title\">Photo9<\/h3><\/div>\n\t\t\t\t\t\t\t\t<\/div>\n\t\t\t\t\t\t<\/div>\n\t\t\t\t\t<\/li><li><div class=\"image\" aria-haspopup=\"true\"><a href=\"https:\/\/cherishhotel.com\/vi\/portfolio-items\/photo6\/\"><img loading=\"lazy\" decoding=\"async\" width=\"180\" height=\"138\" src=\"https:\/\/cherishhotel.com\/wp-content\/uploads\/sites\/5\/2014\/03\/hinhanh-6-180x138.jpg\" class=\"attachment-related-img size-related-img wp-post-image\" alt=\"\" \/><\/a><div class=\"image-extras\"><div class=\"image-extras-content\"><a style=\"display:inline-block;\" class=\"icon link-icon\" style=\"margin-right:3px;\" href=\"https:\/\/cherishhotel.com\/vi\/portfolio-items\/photo6\/\">Permalink<\/a><a style=\"display:inline-block;\" class=\"icon gallery-icon\" href=\"https:\/\/cherishhotel.com\/wp-content\/uploads\/sites\/5\/2014\/03\/hinhanh-6.jpg\" rel=\"prettyPhoto[gallery_recent_1]\">Gallery<\/a><h3 class=\"entry-title\">Photo6<\/h3><\/div>\n\t\t\t\t\t\t\t\t<\/div>\n\t\t\t\t\t\t<\/div>\n\t\t\t\t\t<\/li><\/ul>\n\t\t\t<\/div>\n\t\t\t<div class=\"es-nav\"><span class=\"es-nav-prev\">Tr\u01b0\u1edbc<\/span><span class=\"es-nav-next\">Ti\u1ebfp<\/span><\/div>\n\t\t<\/div>\n\t<\/div>\n<\/div><\/div>\n<div class=\"clearboth\"><\/div><div class=\"demo-sep sep-none\" style=\"margin-top:-45px;\"><\/div>\n","protected":false},"excerpt":{"rendered":"","protected":false},"author":1,"featured_media":0,"parent":0,"menu_order":0,"comment_status":"open","ping_status":"open","template":"100-width.php","meta":{"footnotes":""},"class_list":["post-32","page","type-page","status-publish","hentry"],"_links":{"self":[{"href":"https:\/\/cherishhotel.com\/vi\/wp-json\/wp\/v2\/pages\/32","targetHints":{"allow":["GET"]}}],"collection":[{"href":"https:\/\/cherishhotel.com\/vi\/wp-json\/wp\/v2\/pages"}],"about":[{"href":"https:\/\/cherishhotel.com\/vi\/wp-json\/wp\/v2\/types\/page"}],"author":[{"embeddable":true,"href":"https:\/\/cherishhotel.com\/vi\/wp-json\/wp\/v2\/users\/1"}],"replies":[{"embeddable":true,"href":"https:\/\/cherishhotel.com\/vi\/wp-json\/wp\/v2\/comments?post=32"}],"version-history":[{"count":0,"href":"https:\/\/cherishhotel.com\/vi\/wp-json\/wp\/v2\/pages\/32\/revisions"}],"wp:attachment":[{"href":"https:\/\/cherishhotel.com\/vi\/wp-json\/wp\/v2\/media?parent=32"}],"curies":[{"name":"wp","href":"https:\/\/api.w.org\/{rel}","templated":true}]}}