{"id":34,"date":"2014-03-24T04:01:16","date_gmt":"2014-03-24T04:01:16","guid":{"rendered":"http:\/\/cherishhotel.com\/?page_id=34"},"modified":"2014-09-10T03:03:53","modified_gmt":"2014-09-10T03:03:53","slug":"accommodation","status":"publish","type":"page","link":"https:\/\/cherishhotel.com\/vi\/accommodation\/","title":{"rendered":"Accommodation"},"content":{"rendered":"<div class=\"clearboth\"><\/div><div class=\"demo-sep sep-none\" style=\"margin-top:-80px;\"><\/div>\n<div id=\"\" class=\"fullwidth-box\" style=\"background-color:#EDEDEE;background-image:url();background-repeat:no-repeat;background-position:left top;background-attachment:scroll;border-top:0px solid ;border-bottom:0px solid ;padding-top:0px;padding-bottom:20px;-webkit-background-size: cover;-moz-background-size: cover;-o-background-size: cover;background-size: cover;\"><div class=\"avada-row\">\n<a class=\"button-1 button large default\" title=\"\" href=\"https:\/\/cherishhotel.com\/booking\/\" target=\"_self\">BOOK NOW<\/a>\n<h1 style=\"text-align: center;\">Accommodation<\/h1>\n<div style=\"padding: 0 140px; text-align: center;\">\n<p style=\"text-align: center;\">Kh\u00e1ch s\u1ea1n Cherish, \u00a011 t\u1ea7ng v\u1edbi 98 ph\u00f2ng, \u0111\u01b0\u1ee3c thi\u1ebft k\u1ebf trang nh\u00e3, hi\u1ec7n \u0111\u1ea1i, trang thi\u1ebft b\u1ecb ti\u1ec7n nghi, l\u00e0 s\u1ef1\u00a0 k\u1ebft h\u1ee3p h\u00e0i h\u00f2a c\u1ee7a \u0111\u00e1, g\u1ea1ch v\u00e0 g\u1ed7 h\u01b0\u01a1ng, th\u1ec3 hi\u1ec7n t\u00ednh h\u1ee3p l\u00fd v\u00e0 tinh t\u1ebf trong t\u1eebng chi ti\u1ebft, t\u1ea1o ra m\u1ed9t kh\u00f4ng gian th\u01b0 gi\u00e3n, ri\u00eang t\u01b0 v\u00e0 tho\u1ea3i m\u00e1i.<\/p>\n<\/div>\n<p style=\"text-align: center;\"><strong><span style=\"text-decoration: underline;\">Th\u00f4ng tin ph\u00f2ng<\/span><\/strong><\/p>\n<table class=\"aligncenter tble_am\" width=\"700\" border=\"1\" cellspacing=\"1\" cellpadding=\"0\">\n<tbody>\n<tr>\n<td width=\"300\">Lo\u1ea1i ph\u00f2ng<\/td>\n<td width=\"150\">Di\u1ec7n t\u00edch<\/td>\n<td width=\"150\">Gi\u00e1 c\u00f4ng b\u1ed1<\/td>\n<td width=\"100\">Gi\u00e1 tr\u00ean m\u1ea1ng<\/td>\n<\/tr>\n<tr>\n<td width=\"300\">Cityview Deluxe Double (26 rooms)<\/td>\n<td width=\"150\">25 m<sup>2<\/sup><\/td>\n<td width=\"150\">USD<\/td>\n<td width=\"100\">USD<\/td>\n<\/tr>\n<tr>\n<td width=\"300\">Balcony Deluxe Double (18 rooms)<\/td>\n<td width=\"150\">27 m<sup>2<\/sup><\/td>\n<td width=\"150\">USD<\/td>\n<td width=\"100\">USD<\/td>\n<\/tr>\n<tr>\n<td width=\"300\">Balcony Deluxe Twin (51 rooms)<\/td>\n<td width=\"150\">27 m<sup>2<\/sup><\/td>\n<td width=\"150\">USD<\/td>\n<td width=\"100\">USD<\/td>\n<\/tr>\n<tr>\n<td width=\"300\">Balcony Family Connecting (02 rooms)<\/td>\n<td width=\"150\">55 m<sup>2<\/sup><\/td>\n<td width=\"150\">USD<\/td>\n<td width=\"100\">USD<\/td>\n<\/tr>\n<tr>\n<td width=\"300\">Honeymoon Suite (01 room)<\/td>\n<td width=\"150\">60 m<sup>2<\/sup><\/td>\n<td width=\"150\">USD<\/td>\n<td width=\"100\">USD<\/td>\n<\/tr>\n<\/tbody>\n<\/table>\n<\/div><\/div>\n<div id=\"\" class=\"fullwidth-box\" style=\"background-color:#ffffff;background-image:url();background-repeat:no-repeat;background-position:center center;background-attachment:fixed;border-top:0px solid ;border-bottom:0px solid ;padding-top:20px;padding-bottom:20px;-webkit-background-size: cover;-moz-background-size: cover;-o-background-size: cover;background-size: cover;\"><div class=\"avada-row\">\n<div class=\"clearboth\"><\/div><div class=\"demo-sep sep-\" style=\"margin-top:20px;margin-bottom:20px;\"><\/div>\n<div class=\"one_third\">\n<div class=\"review male\"><blockquote><q>\n<ul>\n<li>D\u1ecbch v\u1ee5 24\/7<\/li>\n<li>Ch\u00eca kh\u00f3a t\u1eeb<\/li>\n<li>T\u1ee7 k\u00e9t an to\u00e0n<\/li>\n<li>S\u00e0n g\u1ed7<\/li>\n<li>\u0110i\u1ec1u h\u00f2a ri\u00eang<\/li>\n<li>TV m\u00e0n h\u00ecnh tinh th\u1ec3 l\u1ecfng 32 in<\/li>\n<li>K\u00eanh truy\u1ec1n h\u00ecnh v\u1ec7 tinh<\/li>\n<li>\u0110i\u1ec7n tho\u1ea1i qu\u1ed1c t\u1ebf trong ph\u00f2ng ng\u1ee7 v\u00e0 ph\u00f2ng t\u1eafm<\/li>\n<\/ul>\n<\/q><div class=\"clearfix\"><span class=\"company-name\"><strong>altro<\/strong><\/span><\/div><\/blockquote><\/div>\n<\/div>\n<div class=\"one_third\">\n<div class=\"review male\"><blockquote><q>\n<ul>\n<li>M\u00e1y t\u00ednh<\/li>\n<li>K\u1ebft n\u1ed1i internet trong m\u1ed7i ph\u00f2ng<\/li>\n<li>Internet kh\u00f4ng d\u00e2y \u1edf c\u00e1c khu v\u1ef1c c\u00f4ng c\u1ed9ng<\/li>\n<li>B\u00e0n v\u00e0 gh\u1ebf l\u00e0m vi\u1ec7c<\/li>\n<li>B\u00e0n l\u00e0 &amp; c\u1ea7u l\u00e0<\/li>\n<li>C\u00e2n s\u1ee9c kh\u1ecfe<\/li>\n<li>T\u1ee7 l\u1ea1nh nh\u1ecf<\/li>\n<li>\u1ea4m n\u1ea5u n\u01b0\u1edbc \u0111\u1ec3 pha tr\u00e0 v\u00e0 c\u00e0 ph\u00ea<\/li>\n<\/ul>\n<\/q><div class=\"clearfix\"><span class=\"company-name\"><strong>altro<\/strong><\/span><\/div><\/blockquote><\/div>\n<\/div>\n<div class=\"one_third last\">\n<div class=\"review male\"><blockquote><q>\n<ul>\n<li>M\u00e1y s\u1ea5y t\u00f3c<\/li>\n<li>\u00c1o cho\u00e0ng<\/li>\n<li>M\u1ef9 ph\u1ea9m v\u00e0 d\u1ee5ng c\u1ee5 ph\u00f2ng t\u1eafm<\/li>\n<li>Dao c\u1ea1o r\u00e2u 220\/110 vol<\/li>\n<li>H\u1ec7 th\u1ed1ng \u0111i\u1ec7n 220 vol,\u00a0 \u1ed5 c\u1eafm \u0111a ch\u1ee9c n\u0103ng t\u01b0\u01a1ng th\u00edch v\u1edbi c\u00e1c lo\u1ea1i ph\u00edch c\u1eafm<\/li>\n<li>Ban c\u00f4ng ri\u00eang<\/li>\n<\/ul>\n<\/q><div class=\"clearfix\"><span class=\"company-name\"><strong>altro<\/strong><\/span><\/div><\/blockquote><\/div>\n<\/div><div class=\"clearboth\"><\/div>\n<\/div><\/div>\n","protected":false},"excerpt":{"rendered":"BOOK NOW Accommodation Kh\u00e1ch s\u1ea1n Cherish, \u00a011 t\u1ea7ng v\u1edbi 98 ph\u00f2ng, \u0111\u01b0\u1ee3c thi\u1ebft k\u1ebf trang nh\u00e3, hi\u1ec7n \u0111\u1ea1i, trang thi\u1ebft [...]","protected":false},"author":1,"featured_media":0,"parent":0,"menu_order":0,"comment_status":"open","ping_status":"open","template":"portfolio-one-column.php","meta":{"footnotes":""},"class_list":["post-34","page","type-page","status-publish","hentry"],"_links":{"self":[{"href":"https:\/\/cherishhotel.com\/vi\/wp-json\/wp\/v2\/pages\/34","targetHints":{"allow":["GET"]}}],"collection":[{"href":"https:\/\/cherishhotel.com\/vi\/wp-json\/wp\/v2\/pages"}],"about":[{"href":"https:\/\/cherishhotel.com\/vi\/wp-json\/wp\/v2\/types\/page"}],"author":[{"embeddable":true,"href":"https:\/\/cherishhotel.com\/vi\/wp-json\/wp\/v2\/users\/1"}],"replies":[{"embeddable":true,"href":"https:\/\/cherishhotel.com\/vi\/wp-json\/wp\/v2\/comments?post=34"}],"version-history":[{"count":0,"href":"https:\/\/cherishhotel.com\/vi\/wp-json\/wp\/v2\/pages\/34\/revisions"}],"wp:attachment":[{"href":"https:\/\/cherishhotel.com\/vi\/wp-json\/wp\/v2\/media?parent=34"}],"curies":[{"name":"wp","href":"https:\/\/api.w.org\/{rel}","templated":true}]}}