{"id":3494,"date":"2013-04-04T15:17:53","date_gmt":"2013-04-04T15:17:53","guid":{"rendered":"http:\/\/theme-fusion.com\/avadaxml\/?page_id=3494"},"modified":"2014-09-08T09:52:09","modified_gmt":"2014-09-08T09:52:09","slug":"dia-diem","status":"publish","type":"page","link":"https:\/\/cherishhotel.com\/vi\/dia-diem\/","title":{"rendered":"\u0110\u1ecaA \u0110I\u1ec2M"},"content":{"rendered":"<div class=\"wpb-content-wrapper\"><p>[vc_row][vc_column width=&#8221;1\/1&#8243;][vc_row_inner][vc_column_inner width=&#8221;1\/1&#8243;][vc_column_text]<div class=\"title\"><h2>\u0110\u01b0\u1eddng \u0111\u1ebfn Cherish<\/h2><div class=\"title-sep-container\"><div class=\"title-sep\"><\/div><\/div><\/div>\n<script type='text\/javascript'>\n\t\tjQuery(document).ready(function($) {\n\t\t\twindow['gmap-1'] = {\n\t\t\t\taddress: ' 57 B\u1ebfn Ngh\u00e9, Tp.Hu\u1ebf, Vi\u1ec7t Nam ',\n\t\t\t\tzoom: 14,\n\t\t\t\tscrollwheel: true,\n\t\t\t\tscaleControl: true,\n\t\t\t\tnavigationControl: true,\n\t\t\t\tmaptype: 'roadmap',\n\t\t\t\tmarkers: [{\n\t\t\tid: 'gmap-1-0',\n\t\t\taddress: ' 57 B\u1ebfn Ngh\u00e9, Tp.Hu\u1ebf, Vi\u1ec7t Nam ',\n\t\t\thtml: {\n\t\t\t\tcontent: ' 57 B\u1ebfn Ngh\u00e9, Tp.Hu\u1ebf, Vi\u1ec7t Nam ',\n\t\t\t\tpopup: true\n\t\t\t}\n\t\t},]\n\t\t\t};\n\t\t\tjQuery('#gmap-1').goMap({\n\t\t\t\taddress: ' 57 B\u1ebfn Ngh\u00e9, Tp.Hu\u1ebf, Vi\u1ec7t Nam ',\n\t\t\t\tzoom: 14,\n\t\t\t\tscrollwheel: true,\n\t\t\t\tscaleControl: true,\n\t\t\t\tnavigationControl: true,\n\t\t\t\tmaptype: 'roadmap',\n\t\t\t\tmarkers: [{\n\t\t\tid: 'gmap-1-0',\n\t\t\taddress: ' 57 B\u1ebfn Ngh\u00e9, Tp.Hu\u1ebf, Vi\u1ec7t Nam ',\n\t\t\thtml: {\n\t\t\t\tcontent: ' 57 B\u1ebfn Ngh\u00e9, Tp.Hu\u1ebf, Vi\u1ec7t Nam ',\n\t\t\t\tpopup: true\n\t\t\t}\n\t\t},]\n\t\t\t});\n\t\t});\n\t\t<\/script><div class=\"shortcode-map\" id=\"gmap-1\" style=\"width:100%;height:300px;\"><\/div>\n<div class=\"title\"><h2>Th\u00f4ng tin li\u00ean h\u1ec7<\/h2><div class=\"title-sep-container\"><div class=\"title-sep\"><\/div><\/div><\/div>\n<p>Cherish Hotel<br \/>\nAddress: 57-59 Ben Nghe Str., Hue city, Vietnam<br \/>\nTel: (+84 054) 3943943 &#8211; Fax: (+84 054) 3942942<br \/>\nEmai: info@cherishhotel.com<br \/>\nT\u1eeb S\u00e2n bay Ph\u00fa B\u00e0i, \u0111i taxi \u0111\u1ebfn kh\u00e1ch s\u1ea1n Cherish \u1edf \u0111\u1ecba ch\u1ec9 57 \u2013 59 B\u1ebfn Ngh\u00e9 v\u1edbi gi\u00e1 250.000\u0111\u1ed3ng (12 USD) ho\u1eb7c \u0111\u1eb7t xe ri\u00eang v\u1edbi kh\u00e1ch s\u1ea1n c\u1ee7a ch\u00fang t\u00f4i tr\u01b0\u1edbc(qua \u0111i\u1ec7n tho\u1ea1i ho\u1eb7c email)v\u1edbi gi\u00e1 350.000\u0111\u1ed3ng (15 USD).<br \/>\nT\u1eeb ga Hu\u1ebf, \u0111i taxi \u0111\u1ebfn kh\u00e1ch s\u1ea1n Cherish \u1edf \u0111\u1ecba t\u1ea1i 57- 59 B\u1ebfn Ngh\u00e9 v\u1edbi v\u1edbi gi\u00e1 60.000\u0111\u1ed3ng (3USD)<br \/>\n\u0110\u1ec3 tr\u00e1nh b\u1ea5t k\u1ef3 tr\u00f2 gian l\u1eadnc\u00f3 th\u1ec3 x\u1ea3y ra, ch\u00fang t\u00f4i cung c\u1ea5p d\u1ecbch v\u1ee5 \u0111\u00f3n theo y\u00eau c\u1ea7u, xin vui l\u00f2ng li\u00ean h\u1ec7 v\u1edbi kh\u00e1ch s\u1ea1n c\u1ee7a ch\u00fang t\u00f4i tr\u01b0\u1edbc \u0111\u1ec3 \u0111\u01b0\u1ee3c ph\u1ee5c v\u1ee5.<br \/>\n[\/vc_column_text][\/vc_column_inner][\/vc_row_inner][\/vc_column][\/vc_row]<\/p>\n<\/div>","protected":false},"excerpt":{"rendered":"<p>[vc_row][vc_column width=&#8221;1\/1&#8243;][vc_row_inner][vc_column_inner width=&#8221;1\/1&#8243;][vc_column_text] Cherish Hotel Address: 57-59 Ben Nghe Str., Hue city, Vietnam Tel: (+84 054) 3943943 &#8211; Fax: (+84 [&hellip;]<\/p>\n","protected":false},"author":1,"featured_media":0,"parent":0,"menu_order":0,"comment_status":"open","ping_status":"closed","template":"contact.php","meta":{"footnotes":""},"class_list":["post-3494","page","type-page","status-publish","hentry"],"_links":{"self":[{"href":"https:\/\/cherishhotel.com\/vi\/wp-json\/wp\/v2\/pages\/3494","targetHints":{"allow":["GET"]}}],"collection":[{"href":"https:\/\/cherishhotel.com\/vi\/wp-json\/wp\/v2\/pages"}],"about":[{"href":"https:\/\/cherishhotel.com\/vi\/wp-json\/wp\/v2\/types\/page"}],"author":[{"embeddable":true,"href":"https:\/\/cherishhotel.com\/vi\/wp-json\/wp\/v2\/users\/1"}],"replies":[{"embeddable":true,"href":"https:\/\/cherishhotel.com\/vi\/wp-json\/wp\/v2\/comments?post=3494"}],"version-history":[{"count":0,"href":"https:\/\/cherishhotel.com\/vi\/wp-json\/wp\/v2\/pages\/3494\/revisions"}],"wp:attachment":[{"href":"https:\/\/cherishhotel.com\/vi\/wp-json\/wp\/v2\/media?parent=3494"}],"curies":[{"name":"wp","href":"https:\/\/api.w.org\/{rel}","templated":true}]}}