{"id":36,"date":"2014-03-24T04:01:32","date_gmt":"2014-03-24T04:01:32","guid":{"rendered":"http:\/\/cherishhotel.com\/?page_id=36"},"modified":"2014-09-10T08:16:51","modified_gmt":"2014-09-10T08:16:51","slug":"dining","status":"publish","type":"page","link":"https:\/\/cherishhotel.com\/vi\/dining\/","title":{"rendered":"\u1ea8m th\u1ef1c"},"content":{"rendered":"<div class=\"clearboth\"><\/div><div class=\"demo-sep sep-none\" style=\"margin-top:-80px;\"><\/div>\n<div id=\"\" class=\"fullwidth-box\" style=\"background-color:#EDEDEE;background-image:url();background-repeat:no-repeat;background-position:left top;background-attachment:scroll;border-top:0px solid ;border-bottom:0px solid ;padding-top:0px;padding-bottom:20px;-webkit-background-size: cover;-moz-background-size: cover;-o-background-size: cover;background-size: cover;\"><div class=\"avada-row\">\n<a class=\"button-1 button large default\" title=\"\" href=\"https:\/\/cherishhotel.com\/booking\/\" target=\"_self\">BOOK NOW<\/a>\n<h1 style=\"text-align: center;\">\u1ea8m th\u1ef1c<\/h1>\n<div style=\"padding: 0 140px; text-align: center;\">\n<p>\u0110\u1ebfn v\u1edbi Hu\u1ebf , kh\u00f4ng ch\u1ec9 l\u00e0 \u0111\u1ebfn v\u1edbi nh\u1eefng di s\u1ea3n th\u1ebf gi\u1edbi v\u00e0 nh\u1eefng danh lam th\u1eafng c\u1ea3nh l\u00e0m m\u00ea ho\u1eb7c l\u00f2ng ng\u01b0\u1eddi m\u00e0 c\u00f2n l\u01b0u truy\u1ec1n c\u1ea3 m\u1ed9t n\u1ec1n v\u0103n h\u00f3a \u1ea9m th\u1ef1c v\u00f4 c\u00f9ng phong ph\u00fa \u0111\u00e3 l\u00e0m cho b\u1ea5t c\u1ee9 ai m\u1ed7i l\u1ea7n \u0111\u1ebfn v\u1edbi Th\u00e0nh Hu\u1ebf C\u1ed1 \u0111\u00f4 \u0111\u1ec1u ph\u1ea3i ng\u00e3 l\u00f2ng. H\u01a1n th\u1ebf n\u1eefa, nh\u1eefng \u0111\u1ea7u b\u1ebfp kinh nghi\u1ec7m c\u1ee7a kh\u00e1ch s\u1ea1n Cherish Hu\u1ebf \u0111\u00e3 bi\u1ebft ch\u1ecdn l\u1ecdc ch\u1ebf bi\u1ebfn \u0111\u01b0a v\u00e0o th\u1ef1c \u0111\u01a1n nh\u1eefng m\u00f3n \u0103n D\u00e2n d\u00e3, m\u00f3n \u0103n Cung \u0110\u00ecnh Hu\u1ebf c\u0169ng nh\u01b0 nhi\u1ec1u m\u00f3n \u0103n \u00c2u \u00c1 kh\u00e1c l\u00e0m cho Du kh\u00e1ch th\u00f5a s\u1ee9c kh\u00e1m ph\u00e1 v\u00e0 t\u1eadn h\u01b0\u1edfng.<\/p>\n<\/div>\n<\/div><\/div>\n<div id=\"\" class=\"fullwidth-box\" style=\"background-color:#ffffff;background-image:url();background-repeat:no-repeat;background-position:top left;background-attachment:fixed;border-top:0px solid #e5e4e4;border-bottom:0px solid #e5e4e4;padding-top:50px;padding-bottom:0px;-webkit-background-size: cover;-moz-background-size: cover;-o-background-size: cover;background-size: cover;\"><div class=\"avada-row\">\n<div class=\"avada-container\"><section class=\"columns columns-3\" style=\"width:100%\"><div class=\"holder\"><article class=\"col\"><div class=\"flexslider floated-post-slideshow\"><ul class=\"slides\"><li>\n\t\t\t\t\t<a href=\"https:\/\/cherishhotel.com\/vi\/dining\/nullam-vitae-nibh-un-odio\/\" rel=\"\"><img decoding=\"async\" src=\"https:\/\/cherishhotel.com\/wp-content\/uploads\/sites\/5\/2012\/07\/nha-hang-amo-2.jpg\" alt=\"Nh\u00e0 h\u00e0ng Camellia\" \/><\/a>\n\t\t\t\t<\/li><\/ul>\n\t\t<\/div><div class=\"demo-sep sep-none\" style=\"margin-top:10px;\"><\/div><div class=\"title\"><h2><a href=\"https:\/\/cherishhotel.com\/vi\/dining\/nullam-vitae-nibh-un-odio\/\">Nh\u00e0 h\u00e0ng Camellia<\/a><\/h2><\/div><ul class=\"meta\" style=\"display:none;\"><li><em class=\"date\">Th\u00e1ng 7 31st, 2012<\/em><\/li><\/ul><div class=\"excerpt-container\"><p>N\u1eb1m \u1edf t\u1ea7ng 11, l\u00e0 nh\u00e0 h\u00e0ng \u0111\u1eb7c tr\u01b0ng ph\u1ee5c v\u1ee5 c\u00e1c m\u00f3n \u0103n Vi\u1ec7t Nam, ti\u1ec7c buffet s\u00e1ng, v\u00e0 c\u0169ng l\u00e0 \u0111\u1ecba \u0111i\u1ec3m l\u00fd t\u01b0\u1edfng \u0111\u1ec3 t\u1ed5 ch\u1ee9c c\u00e1c b\u1eefa ti\u1ec7c cho nh\u1eefng [&#8230;]<\/p>\n<\/div><div class=\"buttons-recent\">\t<a href=\"https:\/\/cherishhotel.com\/vi\/dining\/nullam-vitae-nibh-un-odio\/\" class=\"button small\">Xem th\u00eam<\/a>\t<\/div><\/article><article class=\"col\"><div class=\"flexslider floated-post-slideshow\"><ul class=\"slides\"><li>\n\t\t\t\t\t<a href=\"https:\/\/cherishhotel.com\/vi\/dining\/proin-sodales-quam-nec-ante-sollicits\/\" rel=\"\"><img decoding=\"async\" src=\"https:\/\/cherishhotel.com\/wp-content\/uploads\/sites\/5\/2014\/03\/am-thuc-trang-chu-1-700x441.jpg\" alt=\"Nh\u00e0 h\u00e0ng Cherish\" \/><\/a>\n\t\t\t\t<\/li><li>\n\t\t\t\t\t<a href=\"https:\/\/cherishhotel.com\/vi\/dining\/proin-sodales-quam-nec-ante-sollicits\/\" rel=\"\"><img decoding=\"async\" src=\"https:\/\/cherishhotel.com\/wp-content\/uploads\/sites\/5\/2012\/07\/nha-hang-cherish-1.jpg\" alt=\"\" \/><\/a>\n\t\t\t\t<\/li><li>\n\t\t\t\t\t<a href=\"https:\/\/cherishhotel.com\/vi\/dining\/proin-sodales-quam-nec-ante-sollicits\/\" rel=\"\"><img decoding=\"async\" src=\"https:\/\/cherishhotel.com\/wp-content\/uploads\/sites\/5\/2014\/09\/Img6462-700x441.jpg\" alt=\"\" \/><\/a>\n\t\t\t\t<\/li><li>\n\t\t\t\t\t<a href=\"https:\/\/cherishhotel.com\/vi\/dining\/proin-sodales-quam-nec-ante-sollicits\/\" rel=\"\"><img decoding=\"async\" src=\"https:\/\/cherishhotel.com\/wp-content\/uploads\/sites\/5\/2012\/07\/Fruit-700x441.jpg\" alt=\"\" \/><\/a>\n\t\t\t\t<\/li><\/ul>\n\t\t<\/div><div class=\"demo-sep sep-none\" style=\"margin-top:10px;\"><\/div><div class=\"title\"><h2><a href=\"https:\/\/cherishhotel.com\/vi\/dining\/proin-sodales-quam-nec-ante-sollicits\/\">Nh\u00e0 h\u00e0ng Cherish<\/a><\/h2><\/div><ul class=\"meta\" style=\"display:none;\"><li><em class=\"date\">Th\u00e1ng 7 31st, 2012<\/em><\/li><\/ul><div class=\"excerpt-container\"><p>N\u1eb1m \u1edf t\u1ea7ng 10, nh\u00e0 h\u00e0ng Cherish \u0111\u01b0\u1ee3c thi\u1ebft k\u1ebf v\u1edbi phong c\u00e1ch ki\u1ebfn tr\u00fac Ch\u00e2u \u00c2u sang tr\u1ecdng, nh\u00ecn ra to\u00e0n c\u1ea3nh th\u00e0nh ph\u1ed1. Nh\u00e0 h\u00e0ng chuy\u00ean ph\u1ee5c v\u1ee5 nh\u1eefng m\u00f3n \u0103n Ch\u00e2u [&#8230;]<\/p>\n<\/div><div class=\"buttons-recent\">\t<a href=\"https:\/\/cherishhotel.com\/vi\/dining\/proin-sodales-quam-nec-ante-sollicits\/\" class=\"button small\">Xem th\u00eam<\/a>\t<\/div><\/article><article class=\"col\"><div class=\"flexslider floated-post-slideshow\"><ul class=\"slides\"><li>\n\t\t\t\t\t<a href=\"https:\/\/cherishhotel.com\/vi\/dining\/nunc-tincidunt-elit-non-cursus\/\" rel=\"\"><img decoding=\"async\" src=\"https:\/\/cherishhotel.com\/wp-content\/uploads\/sites\/5\/2012\/07\/nha-hang-cung-dinh.jpg\" alt=\"Nh\u00e0 h\u00e0ng cung \u0111\u00ecnh\" \/><\/a>\n\t\t\t\t<\/li><li>\n\t\t\t\t\t<a href=\"https:\/\/cherishhotel.com\/vi\/dining\/nunc-tincidunt-elit-non-cursus\/\" rel=\"\"><img decoding=\"async\" src=\"https:\/\/cherishhotel.com\/wp-content\/uploads\/sites\/5\/2014\/09\/Img6666-700x441.jpg\" alt=\"\" \/><\/a>\n\t\t\t\t<\/li><li>\n\t\t\t\t\t<a href=\"https:\/\/cherishhotel.com\/vi\/dining\/nunc-tincidunt-elit-non-cursus\/\" rel=\"\"><img decoding=\"async\" src=\"https:\/\/cherishhotel.com\/wp-content\/uploads\/sites\/5\/2014\/09\/Royal-food-2-700x441.jpg\" alt=\"\" \/><\/a>\n\t\t\t\t<\/li><li>\n\t\t\t\t\t<a href=\"https:\/\/cherishhotel.com\/vi\/dining\/nunc-tincidunt-elit-non-cursus\/\" rel=\"\"><img decoding=\"async\" src=\"https:\/\/cherishhotel.com\/wp-content\/uploads\/sites\/5\/2012\/07\/nha-hang-cung-dinh-4.jpg\" alt=\"\" \/><\/a>\n\t\t\t\t<\/li><li>\n\t\t\t\t\t<a href=\"https:\/\/cherishhotel.com\/vi\/dining\/nunc-tincidunt-elit-non-cursus\/\" rel=\"\"><img decoding=\"async\" src=\"https:\/\/cherishhotel.com\/wp-content\/uploads\/sites\/5\/2012\/07\/nha-hang-cung-dinh-5.jpg\" alt=\"\" \/><\/a>\n\t\t\t\t<\/li><\/ul>\n\t\t<\/div><div class=\"demo-sep sep-none\" style=\"margin-top:10px;\"><\/div><div class=\"title\"><h2><a href=\"https:\/\/cherishhotel.com\/vi\/dining\/nunc-tincidunt-elit-non-cursus\/\">Nh\u00e0 h\u00e0ng cung \u0111\u00ecnh<\/a><\/h2><\/div><ul class=\"meta\" style=\"display:none;\"><li><em class=\"date\">Th\u00e1ng 7 31st, 2012<\/em><\/li><\/ul><div class=\"excerpt-container\"><p>V\u1edbi ki\u1ebfn tr\u00fac s\u01a1n son th\u1ebfp v\u00e0ng mang \u0111\u1eadm n\u00e9t \u0111\u1eb7c tr\u01b0ng v\u0103n h\u00f3a cung \u0111\u00ecnh Hu\u1ebf, chuy\u00ean ph\u1ee5c v\u1ee5 nh\u1eefng b\u1eefa y\u1ebfn ti\u1ec7c cung \u0111\u00ecnh, s\u1ebd mang l\u1ea1i cho Qu\u00fd kh\u00e1ch nh\u1eefng tr\u00e3i [&#8230;]<\/p>\n<\/div><div class=\"buttons-recent\">\t<a href=\"https:\/\/cherishhotel.com\/vi\/dining\/nunc-tincidunt-elit-non-cursus\/\" class=\"button small\">Xem th\u00eam<\/a>\t<\/div><\/article><\/div><\/section><\/div>\n<\/div><\/div>\n<div class=\"clearboth\"><\/div><div class=\"demo-sep sep-none\" style=\"margin-top:-45px;\"><\/div>\n","protected":false},"excerpt":{"rendered":"V\u1edbi ki\u1ebfn tr\u00fac s\u01a1n son th\u1ebfp v\u00e0ng mang \u0111\u1eadm n\u00e9t \u0111\u1eb7c tr\u01b0ng v\u0103n h\u00f3a cung \u0111\u00ecnh Hu\u1ebf, chuy\u00ean ph\u1ee5c v\u1ee5 [...]","protected":false},"author":1,"featured_media":0,"parent":0,"menu_order":0,"comment_status":"open","ping_status":"open","template":"100-width.php","meta":{"footnotes":""},"class_list":["post-36","page","type-page","status-publish","hentry"],"_links":{"self":[{"href":"https:\/\/cherishhotel.com\/vi\/wp-json\/wp\/v2\/pages\/36","targetHints":{"allow":["GET"]}}],"collection":[{"href":"https:\/\/cherishhotel.com\/vi\/wp-json\/wp\/v2\/pages"}],"about":[{"href":"https:\/\/cherishhotel.com\/vi\/wp-json\/wp\/v2\/types\/page"}],"author":[{"embeddable":true,"href":"https:\/\/cherishhotel.com\/vi\/wp-json\/wp\/v2\/users\/1"}],"replies":[{"embeddable":true,"href":"https:\/\/cherishhotel.com\/vi\/wp-json\/wp\/v2\/comments?post=36"}],"version-history":[{"count":0,"href":"https:\/\/cherishhotel.com\/vi\/wp-json\/wp\/v2\/pages\/36\/revisions"}],"wp:attachment":[{"href":"https:\/\/cherishhotel.com\/vi\/wp-json\/wp\/v2\/media?parent=36"}],"curies":[{"name":"wp","href":"https:\/\/api.w.org\/{rel}","templated":true}]}}