{"id":3664,"date":"2013-05-24T19:59:03","date_gmt":"2013-05-24T19:59:03","guid":{"rendered":"http:\/\/theme-fusion.com\/avadaxml\/?page_id=3664"},"modified":"2013-05-24T19:59:03","modified_gmt":"2013-05-24T19:59:03","slug":"example-page-1","status":"publish","type":"page","link":"https:\/\/cherishhotel.com\/vi\/example-page-1\/","title":{"rendered":"Example Page 1"},"content":{"rendered":"<p><!-- this is the first full width section with rev and layer sliders, use your own slider shortcode numbers --><\/p>\n<div id=\"\" class=\"fullwidth-box\" style=\"background-color:#333333;background-image:url();background-repeat:no-repeat;background-position:top left;background-attachment:fixed;border-top:0px solid #e5e4e4;border-bottom:0px solid #e5e4e4;padding-top:40px;padding-bottom:40px;-webkit-background-size: cover;-moz-background-size: cover;-o-background-size: cover;background-size: cover;\"><div class=\"avada-row\">\n<a href=\"http:\/\/theme-fusion.com\/avadaxml\/home-version-15\/image_2\/\" rel=\"attachment wp-att-3405\"><img loading=\"lazy\" decoding=\"async\" src=\"http:\/\/theme-fusion.com\/avadaxml\/wp-content\/uploads\/sites\/5\/2013\/02\/image_2.jpg\" alt=\"image_2\" width=\"940\" height=\"450\" class=\"alignnone size-full wp-image-3405\" \/><\/a><br \/>\n<\/div><\/div>\n<p><!-- this is the second full width section --><\/p>\n<div id=\"\" class=\"fullwidth-box\" style=\"background-color:;background-image:url();background-repeat:no-repeat;background-position:top left;background-attachment:scroll;border-top:0px solid ;border-bottom:0px solid ;padding-top:60px;padding-bottom:0px;-webkit-background-size: cover;-moz-background-size: cover;-o-background-size: cover;background-size: cover;\"><div class=\"avada-row\">\n<div class=\"one_half\">\n<h2>What Else? Over 21,000 Users Choose Avada!<\/h2>\n<div class=\"clearboth\"><\/div><div class=\"demo-sep sep-single\" style=\"margin-top:30px;margin-bottom:30px;\"><\/div>\nAvada 3.0 has over <strong><span style=\"color: #84b231;\">100 new features!<\/span><\/strong> New<span style=\"color: #84b231;\"><strong> layouts<\/strong><\/span>, <strong><span style=\"color: #84b231;\">short codes<\/span><\/strong>, <span style=\"color: #84b231;\"><strong>theme options and more<\/strong><\/span>, along with a hefty sprinkle of pixie dust! We&#8217;ve put <strong><span style=\"color: #84b231;\">lots of love<\/span><\/strong> into this update and have included something for everyone!<br \/>\n<div class=\"clearboth\"><\/div><div class=\"demo-sep sep-none\" style=\"margin-top:28px;\"><\/div>\n<style type='text\/css'>\n\t#checklist-1 li:before{color:dark !important; content:'\\f005' }\n\t<\/style>\n<ul id=\"checklist-1\" class=\"list-icon circle-no list-icon-star\">\n<li>Fully responsive so your content will always look good on any screen size<\/li>\n<li>Awesome sliders give you the opportunity to showcase your content<\/li>\n<li>Advanced theme options panel to easily customize your website<\/li>\n<\/ul>\n\n<div class=\"clearboth\"><\/div><div class=\"demo-sep sep-single\" style=\"margin-top:35px;margin-bottom:35px;\"><\/div>\n<a class=\"button-1 button large green\" title=\"\" href=\"http:\/\/themeforest.net\/item\/avada-responsive-multipurpose-theme\/2833226\" target=\"_self\">Purchase Avada Now!<\/a><\/div>\n<div class=\"one_half last\"><div class=\"clearboth\"><\/div><div class=\"demo-sep sep-none\" style=\"margin-top:10px;\"><\/div>\n<div class=\"avada-container layout-thumbnails-on-side layout-columns-1\"><section class=\"columns columns-1\" style=\"width:100%\"><div class=\"holder\"><article class=\"col clearfix\"><div class=\"recent-posts-content\"><h4><a href=\"https:\/\/cherishhotel.com\/vi\/tour\/chinh-sach-va-quy-dinh-chung\/\">Ch\u00ednh s\u00e1ch v\u00e0 Quy \u0111\u1ecbnh chung<\/a><\/h4><ul class=\"meta\"><li>Th\u00e1ng 10 24th, 2018<\/li><\/ul><div class=\"excerpt-container\"><p> Quy \u0111\u1ecbnh chung<\/p>\n<p>\u0110i\u1ec1u ki\u1ec7n v\u00e0 \u0111i\u1ec1u kho\u1ea3n<\/p>\n<p>* Ch\u00ednh s\u00e1ch \u0111\u1eb7t ph\u00f2ng: [&#8230;]<\/p>\n<\/div><\/div><\/article><article class=\"col clearfix\"><div class=\"recent-posts-content\"><h4><a href=\"https:\/\/cherishhotel.com\/vi\/tour\/thong-tin-thanh-toan\/\">Th\u00f4ng Tin Thanh To\u00e1n<\/a><\/h4><ul class=\"meta\"><li>Th\u00e1ng 10 24th, 2018<\/li><\/ul><div class=\"excerpt-container\"><p>CH\u00cdNH S\u00c1CH THANH TO\u00c1N:<\/p>\n<p>Kh\u00e1ch \u0111\u01b0\u1ee3c y\u00eau c\u1ea7u \u0111\u1eb7t c\u1ecdc 5% t\u1ea1i th\u1eddi [&#8230;]<\/p>\n<\/div><\/div><\/article><article class=\"col clearfix\"><div class=\"recent-posts-content\"><h4><a href=\"https:\/\/cherishhotel.com\/vi\/tour\/chinh-sach-bao-mat-thong-tin\/\">Ch\u00ednh s\u00e1ch b\u1ea3o m\u1eadt th\u00f4ng tin<\/a><\/h4><ul class=\"meta\"><li>Th\u00e1ng 10 24th, 2018<\/li><\/ul><div class=\"excerpt-container\"><p>M\u1ee5c \u0111\u00edch v\u00e0 ph\u1ea1m vi thu th\u1eadp th\u00f4ng tin:<\/p>\n<p>Kh\u00e1ch s\u1ea1n Cherish Hu\u1ebf [&#8230;]<\/p>\n<\/div><\/div><\/article><\/div><\/section><\/div>\n<\/div><div class=\"clearboth\"><\/div>\n<\/div><\/div>\n<p><!-- this is the third full width section --><\/p>\n<div class=\"clearboth\"><\/div><div class=\"demo-sep sep-none\" style=\"margin-top:-25px;\"><\/div>\n<div id=\"\" class=\"fullwidth-box\" style=\"background-color:;background-image:url(http:\/\/theme-fusion.com\/avada\/wp-content\/uploads\/sites\/5\/2013\/05\/page_bkgd1.jpg);background-repeat:no-repeat;background-position:top left;background-attachment:fixed;border-top:0px solid ;border-bottom:0px solid ;padding-top:40px;padding-bottom:8px;-webkit-background-size: cover;-moz-background-size: cover;-o-background-size: cover;background-size: cover;\"><div class=\"avada-row\">\n<div class=\"clearboth\"><\/div><div class=\"demo-sep sep-double\" style=\"margin-top:20px;margin-bottom:20px;\"><\/div>\n<h1 style=\"text-align: center; font-size: 30px !important; color: #fff !important;\">Full Width Sections Are Very Cool, Add Background Image With Fixed Scrolling, or Add Background Color With A Border<\/h1>\n<div class=\"clearboth\"><\/div><div class=\"demo-sep sep-double\" style=\"margin-top:20px;margin-bottom:20px;\"><\/div>\n<div class=\"clearboth\"><\/div><div class=\"demo-sep sep-none\" style=\"margin-top:40px;\"><\/div>\n<div class=\"portfolio portfolio-grid clearfix portfolio-three\" data-columns=\"three\"><div class=\"portfolio-wrapper\"><div class=\"portfolio-item \"><div class=\"image\" aria-haspopup=\"true\"><a href=\"https:\/\/cherishhotel.com\/vi\/portfolio-items\/photo-13\/\"><img decoding=\"async\" src=\"https:\/\/cherishhotel.com\/wp-content\/uploads\/sites\/5\/2012\/07\/nha-hang-amo-2-300x214.jpg\" alt=\"\" \/><\/a><div class=\"image-extras\">\n\t\t\t\t\t\t\t<div class=\"image-extras-content\"><a style=\"display:inline-block;\" class=\"icon link-icon\" href=\"https:\/\/cherishhotel.com\/vi\/portfolio-items\/photo-13\/\">Permalink<\/a><a style=\"display:inline-block;\" class=\"icon gallery-icon\" href=\"https:\/\/cherishhotel.com\/wp-content\/uploads\/sites\/5\/2012\/07\/nha-hang-amo-2.jpg\" rel=\"prettyPhoto[gallery_recent_1]\" title=\"\"><img style=\"display:none;\" alt=\"\" \/>Gallery<\/a><h3 class=\"entry-title\">Photo 13<\/h3><h4><\/h4><\/div>\n\t\t\t\t\t\t<\/div>\n\t\t\t\t\t<\/div><\/div><div class=\"portfolio-item \"><div class=\"image\" aria-haspopup=\"true\"><a href=\"https:\/\/cherishhotel.com\/vi\/portfolio-items\/photo-12\/\"><img decoding=\"async\" src=\"https:\/\/cherishhotel.com\/wp-content\/uploads\/sites\/5\/2014\/07\/hinhanh-12-300x214.jpg\" alt=\"\" \/><\/a><div class=\"image-extras\">\n\t\t\t\t\t\t\t<div class=\"image-extras-content\"><a style=\"display:inline-block;\" class=\"icon link-icon\" href=\"https:\/\/cherishhotel.com\/vi\/portfolio-items\/photo-12\/\">Permalink<\/a><a style=\"display:inline-block;\" class=\"icon gallery-icon\" href=\"https:\/\/cherishhotel.com\/wp-content\/uploads\/sites\/5\/2014\/07\/hinhanh-12.jpg\" rel=\"prettyPhoto[gallery_recent_1]\" title=\"\"><img style=\"display:none;\" alt=\"\" \/>Gallery<\/a><h3 class=\"entry-title\">Photo 12<\/h3><h4><\/h4><\/div>\n\t\t\t\t\t\t<\/div>\n\t\t\t\t\t<\/div><\/div><div class=\"portfolio-item \"><div class=\"image\" aria-haspopup=\"true\"><a href=\"https:\/\/cherishhotel.com\/vi\/portfolio-items\/photo1\/\"><img decoding=\"async\" src=\"https:\/\/cherishhotel.com\/wp-content\/uploads\/sites\/5\/2014\/03\/hinhanh-9-300x214.jpg\" alt=\"\" \/><\/a><div class=\"image-extras\">\n\t\t\t\t\t\t\t<div class=\"image-extras-content\"><a style=\"display:inline-block;\" class=\"icon link-icon\" href=\"https:\/\/cherishhotel.com\/vi\/portfolio-items\/photo1\/\">Permalink<\/a><a style=\"display:inline-block;\" class=\"icon gallery-icon\" href=\"https:\/\/cherishhotel.com\/wp-content\/uploads\/sites\/5\/2014\/03\/hinhanh-9.jpg\" rel=\"prettyPhoto[gallery_recent_1]\" title=\"\"><img style=\"display:none;\" alt=\"\" \/>Gallery<\/a><h3 class=\"entry-title\">Photo1<\/h3><h4><\/h4><\/div>\n\t\t\t\t\t\t<\/div>\n\t\t\t\t\t<\/div><\/div><div class=\"portfolio-item \"><div class=\"image\" aria-haspopup=\"true\"><a href=\"https:\/\/cherishhotel.com\/vi\/portfolio-items\/reception\/\"><img decoding=\"async\" src=\"https:\/\/cherishhotel.com\/wp-content\/uploads\/sites\/5\/2014\/07\/hinhanh-10-300x214.jpg\" alt=\"\" \/><\/a><div class=\"image-extras\">\n\t\t\t\t\t\t\t<div class=\"image-extras-content\"><a style=\"display:inline-block;\" class=\"icon link-icon\" href=\"https:\/\/cherishhotel.com\/vi\/portfolio-items\/reception\/\">Permalink<\/a><a style=\"display:inline-block;\" class=\"icon gallery-icon\" href=\"https:\/\/cherishhotel.com\/wp-content\/uploads\/sites\/5\/2014\/07\/hinhanh-10.jpg\" rel=\"prettyPhoto[gallery_recent_1]\" title=\"\"><img style=\"display:none;\" alt=\"\" \/>Gallery<\/a><h3 class=\"entry-title\">Reception<\/h3><h4><\/h4><\/div>\n\t\t\t\t\t\t<\/div>\n\t\t\t\t\t<\/div><\/div><div class=\"portfolio-item \"><div class=\"image\" aria-haspopup=\"true\"><a href=\"https:\/\/cherishhotel.com\/vi\/portfolio-items\/photo10\/\"><img decoding=\"async\" src=\"https:\/\/cherishhotel.com\/wp-content\/uploads\/sites\/5\/2014\/03\/hinhanh-1-300x214.jpg\" alt=\"\" \/><\/a><div class=\"image-extras\">\n\t\t\t\t\t\t\t<div class=\"image-extras-content\"><a style=\"display:inline-block;\" class=\"icon link-icon\" href=\"https:\/\/cherishhotel.com\/vi\/portfolio-items\/photo10\/\">Permalink<\/a><a style=\"display:inline-block;\" class=\"icon gallery-icon\" href=\"https:\/\/cherishhotel.com\/wp-content\/uploads\/sites\/5\/2014\/03\/hinhanh-1.jpg\" rel=\"prettyPhoto[gallery_recent_1]\" title=\"\"><img style=\"display:none;\" alt=\"\" \/>Gallery<\/a><h3 class=\"entry-title\">Photo10<\/h3><h4><\/h4><\/div>\n\t\t\t\t\t\t<\/div>\n\t\t\t\t\t<\/div><\/div><div class=\"portfolio-item \"><div class=\"image\" aria-haspopup=\"true\"><a href=\"https:\/\/cherishhotel.com\/vi\/portfolio-items\/photo9\/\"><img decoding=\"async\" src=\"https:\/\/cherishhotel.com\/wp-content\/uploads\/sites\/5\/2014\/03\/hinhanh-2-300x214.jpg\" alt=\"\" \/><\/a><div class=\"image-extras\">\n\t\t\t\t\t\t\t<div class=\"image-extras-content\"><a style=\"display:inline-block;\" class=\"icon link-icon\" href=\"https:\/\/cherishhotel.com\/vi\/portfolio-items\/photo9\/\">Permalink<\/a><a style=\"display:inline-block;\" class=\"icon gallery-icon\" href=\"https:\/\/cherishhotel.com\/wp-content\/uploads\/sites\/5\/2014\/03\/hinhanh-2.jpg\" rel=\"prettyPhoto[gallery_recent_1]\" title=\"\"><img style=\"display:none;\" alt=\"\" \/>Gallery<\/a><h3 class=\"entry-title\">Photo9<\/h3><h4><\/h4><\/div>\n\t\t\t\t\t\t<\/div>\n\t\t\t\t\t<\/div><\/div><div class=\"portfolio-item \"><div class=\"image\" aria-haspopup=\"true\"><a href=\"https:\/\/cherishhotel.com\/vi\/portfolio-items\/photo6\/\"><img decoding=\"async\" src=\"https:\/\/cherishhotel.com\/wp-content\/uploads\/sites\/5\/2014\/03\/hinhanh-6-300x214.jpg\" alt=\"\" \/><\/a><div class=\"image-extras\">\n\t\t\t\t\t\t\t<div class=\"image-extras-content\"><a style=\"display:inline-block;\" class=\"icon link-icon\" href=\"https:\/\/cherishhotel.com\/vi\/portfolio-items\/photo6\/\">Permalink<\/a><a style=\"display:inline-block;\" class=\"icon gallery-icon\" href=\"https:\/\/cherishhotel.com\/wp-content\/uploads\/sites\/5\/2014\/03\/hinhanh-6.jpg\" rel=\"prettyPhoto[gallery_recent_1]\" title=\"\"><img style=\"display:none;\" alt=\"\" \/>Gallery<\/a><h3 class=\"entry-title\">Photo6<\/h3><h4><\/h4><\/div>\n\t\t\t\t\t\t<\/div>\n\t\t\t\t\t<\/div><\/div><div class=\"portfolio-item \"><div class=\"image\" aria-haspopup=\"true\"><a href=\"https:\/\/cherishhotel.com\/vi\/portfolio-items\/photo5\/\"><img decoding=\"async\" src=\"https:\/\/cherishhotel.com\/wp-content\/uploads\/sites\/5\/2012\/07\/nha-hang-cherish-1-300x214.jpg\" alt=\"\" \/><\/a><div class=\"image-extras\">\n\t\t\t\t\t\t\t<div class=\"image-extras-content\"><a style=\"display:inline-block;\" class=\"icon link-icon\" href=\"https:\/\/cherishhotel.com\/vi\/portfolio-items\/photo5\/\">Permalink<\/a><a style=\"display:inline-block;\" class=\"icon gallery-icon\" href=\"https:\/\/cherishhotel.com\/wp-content\/uploads\/sites\/5\/2012\/07\/nha-hang-cherish-1.jpg\" rel=\"prettyPhoto[gallery_recent_1]\" title=\"\"><img style=\"display:none;\" alt=\"\" \/>Gallery<\/a><h3 class=\"entry-title\">Photo5<\/h3><h4><\/h4><\/div>\n\t\t\t\t\t\t<\/div>\n\t\t\t\t\t<\/div><\/div><\/div><\/div>\n<\/div><\/div>\n<p><!-- this is the fourth full width section --><br \/>\n<div id=\"\" class=\"fullwidth-box\" style=\"background-color:;background-image:url();background-repeat:no-repeat;background-position:top left;background-attachment:fixed;border-top:0px solid ;border-bottom:0px solid ;padding-top:10px;padding-bottom:20px;-webkit-background-size: cover;-moz-background-size: cover;-o-background-size: cover;background-size: cover;\"><div class=\"avada-row\">\n<div class=\"clearboth\"><\/div><div class=\"demo-sep sep-double\" style=\"margin-top:20px;margin-bottom:20px;\"><\/div>\n<h1 style=\"text-align: center; font-size: 30px !important;\">Avada <span style=\"color: #a0ce4e;\">3.0:<\/span> The Best Version Yet With over 100 New Features!<\/h1>\n<p style=\"text-align: center; margin-top: -10px;\">Yes that&#8217;s right, we&#8217;ve added over <strong><span style=\"color: #84b231;\">100 new features!<\/span><\/strong> New<span style=\"color: #84b231;\"><strong> layouts<\/strong><\/span>, <strong><span style=\"color: #84b231;\">short codes<\/span><\/strong>, <span style=\"color: #84b231;\"><strong>theme options &#038; more<\/strong><\/span>, along with <strong><span style=\"color: #84b231;\">lots of love<\/span><\/strong> &#038; a hefty sprinkle of pixie dust!!<\/p>\n<div class=\"clearboth\"><\/div><div class=\"demo-sep sep-double\" style=\"margin-top:20px;margin-bottom:20px;\"><\/div>\n<\/div><\/div>\n","protected":false},"excerpt":{"rendered":"","protected":false},"author":1,"featured_media":0,"parent":0,"menu_order":0,"comment_status":"open","ping_status":"closed","template":"100-width.php","meta":{"footnotes":""},"class_list":["post-3664","page","type-page","status-publish","hentry"],"_links":{"self":[{"href":"https:\/\/cherishhotel.com\/vi\/wp-json\/wp\/v2\/pages\/3664","targetHints":{"allow":["GET"]}}],"collection":[{"href":"https:\/\/cherishhotel.com\/vi\/wp-json\/wp\/v2\/pages"}],"about":[{"href":"https:\/\/cherishhotel.com\/vi\/wp-json\/wp\/v2\/types\/page"}],"author":[{"embeddable":true,"href":"https:\/\/cherishhotel.com\/vi\/wp-json\/wp\/v2\/users\/1"}],"replies":[{"embeddable":true,"href":"https:\/\/cherishhotel.com\/vi\/wp-json\/wp\/v2\/comments?post=3664"}],"version-history":[{"count":0,"href":"https:\/\/cherishhotel.com\/vi\/wp-json\/wp\/v2\/pages\/3664\/revisions"}],"wp:attachment":[{"href":"https:\/\/cherishhotel.com\/vi\/wp-json\/wp\/v2\/media?parent=3664"}],"curies":[{"name":"wp","href":"https:\/\/api.w.org\/{rel}","templated":true}]}}