{"id":38,"date":"2014-03-24T04:02:10","date_gmt":"2014-03-24T04:02:10","guid":{"rendered":"http:\/\/cherishhotel.com\/?page_id=38"},"modified":"2014-09-12T04:14:05","modified_gmt":"2014-09-12T04:14:05","slug":"service-amenities","status":"publish","type":"page","link":"https:\/\/cherishhotel.com\/vi\/service-amenities\/","title":{"rendered":"D\u1ecbch v\u1ee5 &#038; Ti\u1ec7n nghi"},"content":{"rendered":"<div class=\"clearboth\"><\/div><div class=\"demo-sep sep-none\" style=\"margin-top:-80px;\"><\/div>\n<div id=\"\" class=\"fullwidth-box\" style=\"background-color:#EDEDED;background-image:url();background-repeat:no-repeat;background-position:left top;background-attachment:scroll;border-top:0px solid ;border-bottom:0px solid ;padding-top:0px;padding-bottom:20px;-webkit-background-size: cover;-moz-background-size: cover;-o-background-size: cover;background-size: cover;\"><div class=\"avada-row\">\n<a class=\"button-1 button large default\" title=\"\" href=\"\" target=\"_self\">BOOK NOW<\/a>\n<h1 style=\"text-align: center;\">D\u1ecbch v\u1ee5 &amp; ti\u1ec7n nghi<\/h1>\n<div style=\"padding: 0 140px; text-align: center;\">\n<p>Gi\u00e1 tr\u1ecb c\u1ee7a Cherish n\u1eb1m \u1edf ti\u1ec7n nghi trang thi\u1ebft b\u1ecb k\u1ebft h\u1ee3p c\u00f9ng nh\u1eefng d\u1ecbch v\u1ee5 tinh t\u1ebf, ch\u0103m s\u00f3c t\u1eebng c\u1ea3m x\u00fac kh\u00e1ch h\u00e0ng. Cherish Hotel chuy\u00ean nghi\u1ec7p trong vi\u1ec7c thi\u1ebft k\u1ebf c\u00e1c d\u1ecbch v\u1ee5 v\u00e0 ti\u1ec7n nghi, th\u1ea5u hi\u1ec3u nhu c\u1ea7u c\u1ee7a kh\u00e1ch h\u00e0ng, \u0111\u1ec3 mang l\u1ea1i s\u1ef1 h\u00e0i l\u00f2ng \u0111a d\u1ea1ng v\u00e0 th\u1ecfa m\u00e3n nh\u1ea5t cho kh\u00e1ch l\u01b0u tr\u00fa.<b><\/b><\/p>\n<\/div>\n<\/div><\/div>\n<div class=\"clearboth\"><\/div><div class=\"demo-sep sep-none\" style=\"margin-top:20px;\"><\/div>\n<div id=\"\" class=\"fullwidth-box\" style=\"background-color:#ffffff;background-image:url();background-repeat:no-repeat;background-position:top left;background-attachment:fixed;border-top:0px solid #e5e4e4;border-bottom:0px solid #e5e4e4;padding-top:65px;padding-bottom:0px;-webkit-background-size: cover;-moz-background-size: cover;-o-background-size: cover;background-size: cover;\"><div class=\"avada-row\">\n<div class=\"two_third\"><div class=\"flexslider clearfix\" style=\"max-width:100%;height:100%;\"><ul class=\"slides\"><li class=\"image\"><img decoding=\"async\" src=\"https:\/\/cherishhotel.com\/wp-content\/uploads\/sites\/5\/2014\/03\/fitness-dichvu.jpg\" alt=\"\" \/><\/li><\/ul><\/div><\/div>\n<div class=\"one_third last\">\n<div class=\"title\"><h2><a href=\"https:\/\/cherishhotel.com\/uncategorized\/fitness3\/\">Ph\u00f2ng th\u1ec3 d\u1ee5c \u0111a n\u0103ng<\/a><\/h2><div class=\"title-sep-container\"><div class=\"title-sep\"><\/div><\/div><\/div>\n<p>N\u1eb1m \u1edf t\u1ea7ng 2 g\u1ea7n v\u1edbi b\u1ec3 b\u01a1i, ph\u00f2ng t\u1eadp th\u1ec3 d\u1ee5c \u0111\u01b0\u1ee3c trang b\u1ecb \u00a0nh\u1eefng m\u00e1y m\u00f3c, d\u1ee5ng c\u1ee5 t\u1ed1i t\u00e2n, hi\u1ec7n \u0111\u1ea1i b\u1eadc nh\u1ea5t. Nh\u00e2n vi\u00ean k\u1ef9 thu\u1eadt s\u1ebd gi\u00fap \u0111\u1ee1 v\u00e0 h\u01b0\u1edbng d\u1eabn Qu\u00fd kh\u00e1ch th\u1ef1c hi\u1ec7n b\u00e0i t\u1eadp m\u1ed9t c\u00e1ch hi\u1ec7u qu\u1ea3.<\/p>\n<p>Gi\u1edd m\u1edf c\u1eeda: t\u1eeb 6 \u0111\u1ebfn 10 gi\u1edd t\u1ed1i m\u1ed7i ng\u00e0y<\/p>\n<a class=\"button-2 button small default\" title=\"\" href=\"https:\/\/cherishhotel.com\/uncategorized\/fitness3\/\" target=\"_self\">Xem th\u00eam<\/a>\n<\/div><div class=\"clearboth\"><\/div>\n<div class=\"clearboth\"><\/div><div class=\"demo-sep sep-shadow\" style=\"margin-top:40px;margin-bottom:40px;\"><\/div>\n<div class=\"clearboth\"><\/div><div class=\"demo-sep sep-none\" style=\"margin-top:50px;\"><\/div>\n<div class=\"one_third\">\n<div class=\"title\"><h2><a href=\"https:\/\/cherishhotel.com\/uncategorized\/spa2\/\">Spa<\/a><\/h2><div class=\"title-sep-container\"><div class=\"title-sep\"><\/div><\/div><\/div>\n<p>H\u01b0\u1edbng \u0111\u1ebfn c\u00e1c li\u1ec7u ph\u00e1p v\u00e0 th\u1ea3o d\u01b0\u1ee3c t\u1ef1 nhi\u00ean, Spa c\u1ee7a ch\u00fang t\u00f4i t\u1eadp trung v\u00e0o c\u00e1c ph\u01b0\u01a1ng ph\u00e1p \u0111i\u1ec1u tr\u1ecb theo ki\u1ec3u truy\u1ec1n th\u1ed1ng Vi\u1ec7t Nam, Th\u1ee5y \u0110i\u1ec3n, Trung Qu\u1ed1c\u2026 Li\u1ec7u ph\u00e1p Cherish Full Body Aromatherapy \u0111\u01b0\u1ee3c thi\u1ebft k\u1ebf \u0111\u1ec3 gi\u1ea3i t\u1ecfa c\u0103ng th\u1eb3ng c\u01a1 b\u1eafp sau m\u1ed9t ng\u00e0y kh\u00e1m ph\u00e1 v\u00e0 tr\u1ea3i nghi\u1ec7m v\u0103n h\u00f3a Hu\u1ebf.<\/p>\n<p>T\u1ea1i Cherish Spa, ch\u00fang t\u00f4i lu\u00f4n quan t\u00e2m nh\u1eefng y\u00eau c\u1ea7u v\u00e0 \u00fd ki\u1ebfn kh\u00e1ch h\u00e0ng cho c\u00e1c ch\u01b0\u01a1ng tr\u00ecnh ch\u0103m s\u00f3c chuy\u00ean bi\u1ec7t, gi\u00fap th\u01b0 gi\u00e3n hay ti\u1ebfp th\u00eam sinh l\u1ef1c. Nh\u00e2n vi\u00ean Cherish Spa c\u0169ng s\u1ebd gi\u1edbi thi\u1ec7u cho b\u1ea1n c\u00e1c g\u00f3i tr\u1ecb li\u1ec7u \u0111\u1eb7c bi\u1ec7t h\u1eb1ng ng\u00e0y, hay nh\u1eefng b\u00e0i t\u1eadp v\u1edbi Cupping, Matxa ch\u00e2n, Tr\u1ecb li\u1ec7u cho da m\u1eb7t, \u0110i\u1ec1u tr\u1ecb m\u00f3ng tay ch\u00e2n\u2026<\/p>\n<p>Gi\u1edd m\u1edf c\u1eeda : t\u1eeb 9 s\u00e1ng \u0111\u1ebfn 10 gi\u1edd t\u1ed1i<\/p>\n<p>\u0110\u1ec3 bi\u1ebft th\u00eam th\u00f4ng tin v\u1ec1 Cherish Spa, xin vui l\u00f2ng g\u1ecdi s\u1ed1 555, b\u1ea5m Speed Dial t\u1eeb \u0111i\u1ec7n tho\u1ea1i ph\u00f2ng, ho\u1eb7c li\u00ean h\u1ec7 tr\u1ef1c ti\u1ebfp v\u1edbi l\u1ec5 t\u00e2n.<\/p>\n<a class=\"button-3 button small default\" title=\"\" href=\" https:\/\/cherishhotel.com\/uncategorized\/spa2\/\" target=\"_self\">Xem th\u00eam<\/a>\n<\/div><div class=\"two_third last\"><div class=\"flexslider clearfix\" style=\"max-width:100%;height:100%;\"><ul class=\"slides\"><li class=\"image\"><img decoding=\"async\" src=\"https:\/\/cherishhotel.com\/wp-content\/uploads\/sites\/5\/2014\/03\/spa-dichvu.jpg\" alt=\"\" \/><\/li><\/ul><\/div><\/div><div class=\"clearboth\"><\/div>\n<div class=\"clearboth\"><\/div><div class=\"demo-sep sep-shadow\" style=\"margin-top:40px;margin-bottom:40px;\"><\/div>\n<div class=\"clearboth\"><\/div><div class=\"demo-sep sep-none\" style=\"margin-top:50px;\"><\/div>\n<div class=\"two_third\"><div class=\"flexslider clearfix\" style=\"max-width:100%;height:100%;\"><ul class=\"slides\"><li class=\"image\"><img decoding=\"async\" src=\"https:\/\/cherishhotel.com\/wp-content\/uploads\/sites\/5\/2014\/03\/Honeymoon-pool-dichvu.jpg\" alt=\"\" \/><\/li><\/ul><\/div><\/div>\n<div class=\"one_third last\">\n<div class=\"title\"><h2><a href=\"https:\/\/cherishhotel.com\/uncategorized\/honeymoon-pool\/\">H\u1ed3 b\u01a1i<\/a><\/h2><div class=\"title-sep-container\"><div class=\"title-sep\"><\/div><\/div><\/div>\n<p>H\u1ed3 b\u01a1i nh\u1ecf xinh x\u1eafn l\u00e0 \u0111i\u1ec3m th\u01b0 gi\u1ea3n l\u00fd t\u01b0\u1edfng , b\u1ea1n c\u00f3 th\u1ec3 ng\u00e3 m\u00ecnh \u0111\u00f3n nh\u1eadn nh\u1eefng tia n\u1eafng m\u1eb7t tr\u1eddi tr\u00ean nh\u1eefng chi\u1ebfc gh\u1ebf d\u00e0i sau nhi\u1ec1u gi\u1edd \u0111\u1eafm m\u00ecnh trong l\u00e0n n\u01b0\u1edbc trong xanh m\u00e1t l\u1ea1nh.<\/p>\n<a class=\"button-4 button small default\" title=\"\" href=\"https:\/\/cherishhotel.com\/uncategorized\/honeymoon-pool\/\" target=\"_self\">Xem th\u00eam<\/a>\n<\/div><div class=\"clearboth\"><\/div>\n<div class=\"clearboth\"><\/div><div class=\"demo-sep sep-shadow\" style=\"margin-top:40px;margin-bottom:40px;\"><\/div>\n<div class=\"clearboth\"><\/div><div class=\"demo-sep sep-none\" style=\"margin-top:50px;\"><\/div>\n<div class=\"one_third\">\n<div class=\"title\"><h2><a href=\"https:\/\/cherishhotel.com\/uncategorized\/executive-club\/\">R\u01b0\u1ee3u v\u00e0 Qu\u1ea7y bar<\/a><\/h2><div class=\"title-sep-container\"><div class=\"title-sep\"><\/div><\/div><\/div>\n<p>V\u1edbi thi\u1ebft k\u1ebf hi\u1ec7n \u0111\u1ea1i, qu\u1ea7y Bar t\u1ea1i t\u1ea7ng 10 mang l\u1ea1i s\u1ef1 th\u00e2n m\u1eadt v\u00e0 g\u1ea7n g\u0169i th\u00f4ng qua c\u00e1c lo\u1ea1i cocktail v\u00e0 r\u01b0\u1ee3u. L\u00e0 n\u01a1i ho\u00e0n h\u1ea3o cho nh\u1eefng ly coctail l\u00e3ng m\u1ea1n hay nh\u1eefng ly r\u01b0\u1ee3u nh\u1eb9 trong b\u1eefa \u0103n. Ti\u1ebfng nh\u1ea1c du d\u01b0\u01a1ng s\u1ebd \u0111\u1ed3ng h\u00e0nh c\u00f9ng b\u1ea1n trong su\u1ed1t bu\u1ed5i t\u1ed1i t\u1ea1i nh\u00e0 h\u00e0ng Cherish.<\/p>\n<a class=\"button-5 button small default\" title=\"\" href=\"https:\/\/cherishhotel.com\/uncategorized\/executive-club\/\" target=\"_self\">XEM TH\u00caM <\/a>\n<\/div><div class=\"two_third last\"><div class=\"flexslider clearfix\" style=\"max-width:100%;height:100%;\"><ul class=\"slides\"><li class=\"image\"><img decoding=\"async\" src=\"https:\/\/cherishhotel.com\/wp-content\/uploads\/sites\/5\/2014\/03\/Executive-Club-dichvu.jpg\" alt=\"\" \/><\/li><\/ul><\/div>\n<\/div><div class=\"clearboth\"><\/div>\n<\/div><\/div>\n","protected":false},"excerpt":{"rendered":"BOOK NOW D\u1ecbch v\u1ee5 &amp; ti\u1ec7n nghi Gi\u00e1 tr\u1ecb c\u1ee7a Cherish n\u1eb1m \u1edf ti\u1ec7n nghi trang thi\u1ebft b\u1ecb k\u1ebft h\u1ee3p [...]","protected":false},"author":1,"featured_media":0,"parent":0,"menu_order":0,"comment_status":"open","ping_status":"closed","template":"100-width.php","meta":{"footnotes":""},"class_list":["post-38","page","type-page","status-publish","hentry"],"_links":{"self":[{"href":"https:\/\/cherishhotel.com\/vi\/wp-json\/wp\/v2\/pages\/38","targetHints":{"allow":["GET"]}}],"collection":[{"href":"https:\/\/cherishhotel.com\/vi\/wp-json\/wp\/v2\/pages"}],"about":[{"href":"https:\/\/cherishhotel.com\/vi\/wp-json\/wp\/v2\/types\/page"}],"author":[{"embeddable":true,"href":"https:\/\/cherishhotel.com\/vi\/wp-json\/wp\/v2\/users\/1"}],"replies":[{"embeddable":true,"href":"https:\/\/cherishhotel.com\/vi\/wp-json\/wp\/v2\/comments?post=38"}],"version-history":[{"count":0,"href":"https:\/\/cherishhotel.com\/vi\/wp-json\/wp\/v2\/pages\/38\/revisions"}],"wp:attachment":[{"href":"https:\/\/cherishhotel.com\/vi\/wp-json\/wp\/v2\/media?parent=38"}],"curies":[{"name":"wp","href":"https:\/\/api.w.org\/{rel}","templated":true}]}}